{"id":11015,"date":"2020-12-30T22:10:43","date_gmt":"2020-12-30T22:10:43","guid":{"rendered":"https:\/\/nanosluostes.lt\/preke\/set-for-kitchen-care\/"},"modified":"2026-03-31T20:57:21","modified_gmt":"2026-03-31T17:57:21","slug":"set-for-kitchen-care","status":"publish","type":"product","link":"https:\/\/nanosluostes.lt\/en\/preke\/set-for-kitchen-care\/","title":{"rendered":"Kitchen Care Set"},"content":{"rendered":"<h2>\ud83c\udf3f<strong> Kitchen Care Set<\/strong><\/h2>\n<p>Cleans all surfaces in the kitchen.<\/p>\n<ul>\n<li>Oven, hob, extractor.<\/li>\n<li>Sink &amp; tap.<\/li>\n<li>Refrigerator.<\/li>\n<li>Kitchen cabinets.<\/li>\n<li>Wash dishes without detergents.<\/li>\n<\/ul>\n<p>Use it right<br \/>\n\ud83d\udc49 Use a damp WHITE cloth to remove dirt\/stains from the surface in a circular motion (eg kitchen hob)&#8230;surfaces remain clean but wet.<br \/>\n\ud83d\udc49Sunbeam drying cloth is used to dry surfaces after the white glove&#8230;no need to rub or polish!<br \/>\n\ud83d\udc49 In case of &#8216;stubborn&#8217; dirt &#8211; massage the cloth with soap and clean the surface. Take a clean cloth and wipe the soapy surface with a clean Sunbeam drying cloth.<\/p>\n<p>Care<\/p>\n<p>Wash by hand, sometimes (every so often) wash with NanoSilver brown soap 100g. To activate the silver in the cloths, wash with a washing machine &#8211; max. 60 \u00b0, max. 600 rpm, with detergent, without fabric softener, do not tumble dry.<\/p>\n<p>Never leave dirty cloths to dry!<\/p>\n<p>Nanosilver that&#8217;s on the cloth, disinfects the surfaces.<\/p>\n<p>https: \/\/www.youtube.com\/watch? V = WykGuVURgOA<\/p>\n","protected":false},"excerpt":{"rendered":"<p>\ud83c\udf3f Kitchen Care Set Cleans all surfaces in the kitchen. Oven, hob, extractor. Sink &amp; tap. Refrigerator. Kitchen cabinets. Wash dishes without detergents. Use it right \ud83d\udc49 Use a damp WHITE cloth to remove dirt\/stains from the surface in a circular motion (eg kitchen hob)&#8230;surfaces remain clean but wet. \ud83d\udc49Sunbeam drying cloth is used to [&hellip;]<\/p>\n","protected":false},"featured_media":15953,"comment_status":"open","ping_status":"closed","template":"","meta":[],"product_cat":[72],"product_tag":[],"acf":[],"yoast_head":"<!-- This site is optimized with the Yoast SEO plugin v21.8.1 - https:\/\/yoast.com\/wordpress\/plugins\/seo\/ -->\n<title>Kitchen Care Set | Nano cloths for home<\/title>\n<meta name=\"description\" content=\"Komplekt\u0105 sudaro: Balta \u0161luost\u0117, Nano Silver Technology muiliukas 100g. ir Sunbeam sausinimo audinys \u2618 Raypath produktai \u2618 Komplekto kaina, atsiliepimai\" \/>\n<meta name=\"robots\" content=\"index, follow, max-snippet:-1, max-image-preview:large, max-video-preview:-1\" \/>\n<link rel=\"canonical\" href=\"https:\/\/nanosluostes.lt\/en\/preke\/set-for-kitchen-care\/\" \/>\n<meta property=\"og:locale\" content=\"en_US\" \/>\n<meta property=\"og:type\" content=\"article\" \/>\n<meta property=\"og:title\" content=\"Kitchen Care Set | Nano cloths for home\" \/>\n<meta property=\"og:description\" content=\"Komplekt\u0105 sudaro: Balta \u0161luost\u0117, Nano Silver Technology muiliukas 100g. ir Sunbeam sausinimo audinys \u2618 Raypath produktai \u2618 Komplekto kaina, atsiliepimai\" \/>\n<meta property=\"og:url\" content=\"https:\/\/nanosluostes.lt\/en\/preke\/set-for-kitchen-care\/\" \/>\n<meta property=\"og:site_name\" content=\"Nanosluostes.lt\" \/>\n<meta property=\"article:modified_time\" content=\"2026-03-31T17:57:21+00:00\" \/>\n<meta property=\"og:image\" content=\"https:\/\/nanosluostes.lt\/wp-content\/uploads\/2020\/12\/img_5895-scaled.jpeg\" \/>\n\t<meta property=\"og:image:width\" content=\"1920\" \/>\n\t<meta property=\"og:image:height\" content=\"2560\" \/>\n\t<meta property=\"og:image:type\" content=\"image\/jpeg\" \/>\n<meta name=\"twitter:card\" content=\"summary_large_image\" \/>\n<meta name=\"twitter:label1\" content=\"Est. reading time\" \/>\n\t<meta name=\"twitter:data1\" content=\"1 minute\" \/>\n<script type=\"application\/ld+json\" class=\"yoast-schema-graph\">{\"@context\":\"https:\/\/schema.org\",\"@graph\":[{\"@type\":\"WebPage\",\"@id\":\"https:\/\/nanosluostes.lt\/en\/preke\/set-for-kitchen-care\/\",\"url\":\"https:\/\/nanosluostes.lt\/en\/preke\/set-for-kitchen-care\/\",\"name\":\"Kitchen Care Set | Nano cloths for home\",\"isPartOf\":{\"@id\":\"https:\/\/nanosluostes.lt\/en\/#website\"},\"datePublished\":\"2020-12-30T22:10:43+00:00\",\"dateModified\":\"2026-03-31T17:57:21+00:00\",\"description\":\"Komplekt\u0105 sudaro: Balta \u0161luost\u0117, Nano Silver Technology muiliukas 100g. ir Sunbeam sausinimo audinys \u2618 Raypath produktai \u2618 Komplekto kaina, atsiliepimai\",\"breadcrumb\":{\"@id\":\"https:\/\/nanosluostes.lt\/en\/preke\/set-for-kitchen-care\/#breadcrumb\"},\"inLanguage\":\"en-US\",\"potentialAction\":[{\"@type\":\"ReadAction\",\"target\":[\"https:\/\/nanosluostes.lt\/en\/preke\/set-for-kitchen-care\/\"]}]},{\"@type\":\"BreadcrumbList\",\"@id\":\"https:\/\/nanosluostes.lt\/en\/preke\/set-for-kitchen-care\/#breadcrumb\",\"itemListElement\":[{\"@type\":\"ListItem\",\"position\":1,\"name\":\"Home\",\"item\":\"https:\/\/nanosluostes.lt\/en\/\"},{\"@type\":\"ListItem\",\"position\":2,\"name\":\"Catologue\",\"item\":\"https:\/\/nanosluostes.lt\/en\/catologue\/\"},{\"@type\":\"ListItem\",\"position\":3,\"name\":\"Kitchen Care Set\"}]},{\"@type\":\"WebSite\",\"@id\":\"https:\/\/nanosluostes.lt\/en\/#website\",\"url\":\"https:\/\/nanosluostes.lt\/en\/\",\"name\":\"Nanosluostes.lt\",\"description\":\"\",\"potentialAction\":[{\"@type\":\"SearchAction\",\"target\":{\"@type\":\"EntryPoint\",\"urlTemplate\":\"https:\/\/nanosluostes.lt\/en\/?s={search_term_string}\"},\"query-input\":\"required name=search_term_string\"}],\"inLanguage\":\"en-US\"}]}<\/script>\n<!-- \/ Yoast SEO plugin. -->","yoast_head_json":{"title":"Kitchen Care Set | Nano cloths for home","description":"Komplekt\u0105 sudaro: Balta \u0161luost\u0117, Nano Silver Technology muiliukas 100g. ir Sunbeam sausinimo audinys \u2618 Raypath produktai \u2618 Komplekto kaina, atsiliepimai","robots":{"index":"index","follow":"follow","max-snippet":"max-snippet:-1","max-image-preview":"max-image-preview:large","max-video-preview":"max-video-preview:-1"},"canonical":"https:\/\/nanosluostes.lt\/en\/preke\/set-for-kitchen-care\/","og_locale":"en_US","og_type":"article","og_title":"Kitchen Care Set | Nano cloths for home","og_description":"Komplekt\u0105 sudaro: Balta \u0161luost\u0117, Nano Silver Technology muiliukas 100g. ir Sunbeam sausinimo audinys \u2618 Raypath produktai \u2618 Komplekto kaina, atsiliepimai","og_url":"https:\/\/nanosluostes.lt\/en\/preke\/set-for-kitchen-care\/","og_site_name":"Nanosluostes.lt","article_modified_time":"2026-03-31T17:57:21+00:00","og_image":[{"width":1920,"height":2560,"url":"https:\/\/nanosluostes.lt\/wp-content\/uploads\/2020\/12\/img_5895-scaled.jpeg","type":"image\/jpeg"}],"twitter_card":"summary_large_image","twitter_misc":{"Est. reading time":"1 minute"},"schema":{"@context":"https:\/\/schema.org","@graph":[{"@type":"WebPage","@id":"https:\/\/nanosluostes.lt\/en\/preke\/set-for-kitchen-care\/","url":"https:\/\/nanosluostes.lt\/en\/preke\/set-for-kitchen-care\/","name":"Kitchen Care Set | Nano cloths for home","isPartOf":{"@id":"https:\/\/nanosluostes.lt\/en\/#website"},"datePublished":"2020-12-30T22:10:43+00:00","dateModified":"2026-03-31T17:57:21+00:00","description":"Komplekt\u0105 sudaro: Balta \u0161luost\u0117, Nano Silver Technology muiliukas 100g. ir Sunbeam sausinimo audinys \u2618 Raypath produktai \u2618 Komplekto kaina, atsiliepimai","breadcrumb":{"@id":"https:\/\/nanosluostes.lt\/en\/preke\/set-for-kitchen-care\/#breadcrumb"},"inLanguage":"en-US","potentialAction":[{"@type":"ReadAction","target":["https:\/\/nanosluostes.lt\/en\/preke\/set-for-kitchen-care\/"]}]},{"@type":"BreadcrumbList","@id":"https:\/\/nanosluostes.lt\/en\/preke\/set-for-kitchen-care\/#breadcrumb","itemListElement":[{"@type":"ListItem","position":1,"name":"Home","item":"https:\/\/nanosluostes.lt\/en\/"},{"@type":"ListItem","position":2,"name":"Catologue","item":"https:\/\/nanosluostes.lt\/en\/catologue\/"},{"@type":"ListItem","position":3,"name":"Kitchen Care Set"}]},{"@type":"WebSite","@id":"https:\/\/nanosluostes.lt\/en\/#website","url":"https:\/\/nanosluostes.lt\/en\/","name":"Nanosluostes.lt","description":"","potentialAction":[{"@type":"SearchAction","target":{"@type":"EntryPoint","urlTemplate":"https:\/\/nanosluostes.lt\/en\/?s={search_term_string}"},"query-input":"required name=search_term_string"}],"inLanguage":"en-US"}]}},"_links":{"self":[{"href":"https:\/\/nanosluostes.lt\/en\/wp-json\/wp\/v2\/product\/11015"}],"collection":[{"href":"https:\/\/nanosluostes.lt\/en\/wp-json\/wp\/v2\/product"}],"about":[{"href":"https:\/\/nanosluostes.lt\/en\/wp-json\/wp\/v2\/types\/product"}],"replies":[{"embeddable":true,"href":"https:\/\/nanosluostes.lt\/en\/wp-json\/wp\/v2\/comments?post=11015"}],"version-history":[{"count":2,"href":"https:\/\/nanosluostes.lt\/en\/wp-json\/wp\/v2\/product\/11015\/revisions"}],"predecessor-version":[{"id":14677,"href":"https:\/\/nanosluostes.lt\/en\/wp-json\/wp\/v2\/product\/11015\/revisions\/14677"}],"wp:featuredmedia":[{"embeddable":true,"href":"https:\/\/nanosluostes.lt\/en\/wp-json\/wp\/v2\/media\/15953"}],"wp:attachment":[{"href":"https:\/\/nanosluostes.lt\/en\/wp-json\/wp\/v2\/media?parent=11015"}],"wp:term":[{"taxonomy":"product_cat","embeddable":true,"href":"https:\/\/nanosluostes.lt\/en\/wp-json\/wp\/v2\/product_cat?post=11015"},{"taxonomy":"product_tag","embeddable":true,"href":"https:\/\/nanosluostes.lt\/en\/wp-json\/wp\/v2\/product_tag?post=11015"}],"curies":[{"name":"wp","href":"https:\/\/api.w.org\/{rel}","templated":true}]}}